{"id":1466,"date":"2025-09-19T17:57:06","date_gmt":"2025-09-19T17:57:06","guid":{"rendered":"https:\/\/detlilleslot.dk\/?page_id=1466"},"modified":"2025-09-19T19:42:21","modified_gmt":"2025-09-19T19:42:21","slug":"omgivelserne","status":"publish","type":"page","link":"https:\/\/detlilleslot.dk\/?page_id=1466","title":{"rendered":"OMGIVELSERNE"},"content":{"rendered":"\n<p>Nyd den rolige atmosf\u00e6re p\u00e5 Lille Slot- med sin solrige terrasse, gamle tr\u00e6er og smukke udsigter. <\/p>\n\n\n\n<div class=\"wp-block-columns is-layout-flex wp-container-core-columns-is-layout-28f84493 wp-block-columns-is-layout-flex\">\n<div class=\"wp-block-column is-layout-flow wp-block-column-is-layout-flow\">\n<figure class=\"wp-block-gallery has-nested-images columns-default is-cropped wp-block-gallery-1 is-layout-flex wp-block-gallery-is-layout-flex\">\n<figure class=\"wp-block-image size-large\"><img loading=\"lazy\" decoding=\"async\" width=\"240\" height=\"320\" data-id=\"1561\" src=\"https:\/\/detlilleslot.dk\/wp-content\/uploads\/2025\/09\/alle1.jpg\" alt=\"\" class=\"wp-image-1561\" srcset=\"https:\/\/detlilleslot.dk\/wp-content\/uploads\/2025\/09\/alle1.jpg 240w, https:\/\/detlilleslot.dk\/wp-content\/uploads\/2025\/09\/alle1-225x300.jpg 225w\" sizes=\"auto, (max-width: 240px) 100vw, 240px\" \/><figcaption class=\"wp-element-caption\">Vejen til Det Lille Slot<\/figcaption><\/figure>\n\n\n\n<figure class=\"wp-block-image size-large\"><img loading=\"lazy\" decoding=\"async\" width=\"240\" height=\"320\" data-id=\"1492\" src=\"https:\/\/detlilleslot.dk\/wp-content\/uploads\/2025\/09\/inkoersel1.jpg\" alt=\"\" class=\"wp-image-1492\" srcset=\"https:\/\/detlilleslot.dk\/wp-content\/uploads\/2025\/09\/inkoersel1.jpg 240w, https:\/\/detlilleslot.dk\/wp-content\/uploads\/2025\/09\/inkoersel1-225x300.jpg 225w\" sizes=\"auto, (max-width: 240px) 100vw, 240px\" \/><figcaption class=\"wp-element-caption\">Indk\u00f8rsel<\/figcaption><\/figure>\n<\/figure>\n<\/div>\n\n\n\n<div class=\"wp-block-column is-layout-flow wp-block-column-is-layout-flow\">\n<figure class=\"wp-block-image size-large is-resized\"><img loading=\"lazy\" decoding=\"async\" width=\"1024\" height=\"683\" src=\"https:\/\/detlilleslot.dk\/wp-content\/uploads\/2025\/09\/NLV1111-1024x683.jpg\" alt=\"\" class=\"wp-image-1467\" style=\"width:372px;height:auto\" srcset=\"https:\/\/detlilleslot.dk\/wp-content\/uploads\/2025\/09\/NLV1111-1024x683.jpg 1024w, https:\/\/detlilleslot.dk\/wp-content\/uploads\/2025\/09\/NLV1111-300x200.jpg 300w, https:\/\/detlilleslot.dk\/wp-content\/uploads\/2025\/09\/NLV1111-768x513.jpg 768w, https:\/\/detlilleslot.dk\/wp-content\/uploads\/2025\/09\/NLV1111-1140x761.jpg 1140w, https:\/\/detlilleslot.dk\/wp-content\/uploads\/2025\/09\/NLV1111.jpg 1500w\" sizes=\"auto, (max-width: 1024px) 100vw, 1024px\" \/><\/figure>\n<\/div>\n<\/div>\n\n\n\n<p>Huset ligger frit omgivet af den sk\u00f8nneste natur med vidunderlig udsigt hvor landskabet indbyder til at g\u00e5 tur, vandre og cykle. Der er meget at udforske i hele omr\u00e5det.<\/p>\n\n\n\n<figure class=\"wp-block-image size-full is-resized\"><img loading=\"lazy\" decoding=\"async\" width=\"256\" height=\"231\" src=\"https:\/\/detlilleslot.dk\/wp-content\/uploads\/2025\/03\/cropped-Vinterhave-2.jpg\" alt=\"\" class=\"wp-image-1276\" style=\"width:281px;height:auto\"\/><\/figure>\n\n\n\n<p>N\u00e5r vejret ikke bliver som forventet er vinterhaven det bedste sted at slappe af, eller i stuen foran pejsen. Det er ogs\u00e5 muligt at v\u00e6re aktiv indend\u00f8rs i aktivitetsrummet i k\u00e6lderen hvor der er bordtennis, bordfodbold og dart.<\/p>\n\n\n\n<div class=\"wp-block-columns is-layout-flex wp-container-core-columns-is-layout-28f84493 wp-block-columns-is-layout-flex\">\n<div class=\"wp-block-column is-layout-flow wp-block-column-is-layout-flow\" style=\"flex-basis:100%\">\n<div class=\"wp-block-columns is-layout-flex wp-container-core-columns-is-layout-28f84493 wp-block-columns-is-layout-flex\">\n<div class=\"wp-block-column is-layout-flow wp-block-column-is-layout-flow\">\n<div class=\"wp-block-columns is-layout-flex wp-container-core-columns-is-layout-28f84493 wp-block-columns-is-layout-flex\">\n<div class=\"wp-block-column is-layout-flow wp-block-column-is-layout-flow\">\n<figure class=\"wp-block-image size-full is-resized\"><img loading=\"lazy\" decoding=\"async\" width=\"244\" height=\"320\" src=\"https:\/\/detlilleslot.dk\/wp-content\/uploads\/2025\/09\/fodboldbord-1.jpg\" alt=\"\" class=\"wp-image-1581\" style=\"width:224px;height:auto\" srcset=\"https:\/\/detlilleslot.dk\/wp-content\/uploads\/2025\/09\/fodboldbord-1.jpg 244w, https:\/\/detlilleslot.dk\/wp-content\/uploads\/2025\/09\/fodboldbord-1-229x300.jpg 229w\" sizes=\"auto, (max-width: 244px) 100vw, 244px\" \/><\/figure>\n<\/div>\n\n\n\n<div class=\"wp-block-column is-layout-flow wp-block-column-is-layout-flow\">\n<figure class=\"wp-block-image size-full is-resized\"><img loading=\"lazy\" decoding=\"async\" width=\"240\" height=\"320\" src=\"https:\/\/detlilleslot.dk\/wp-content\/uploads\/2025\/09\/bordtennis.jpg\" alt=\"\" class=\"wp-image-1580\" style=\"width:224px;height:auto\" srcset=\"https:\/\/detlilleslot.dk\/wp-content\/uploads\/2025\/09\/bordtennis.jpg 240w, https:\/\/detlilleslot.dk\/wp-content\/uploads\/2025\/09\/bordtennis-225x300.jpg 225w\" sizes=\"auto, (max-width: 240px) 100vw, 240px\" \/><\/figure>\n<\/div>\n<\/div>\n<\/div>\n<\/div>\n<\/div>\n<\/div>\n\n\n\n<p><\/p>\n\n\n\n<figure class=\"wp-block-image size-large is-resized\"><img loading=\"lazy\" decoding=\"async\" width=\"1024\" height=\"538\" src=\"https:\/\/detlilleslot.dk\/wp-content\/uploads\/2025\/09\/cykeltur-1-1024x538.jpg\" alt=\"\" class=\"wp-image-1500\" style=\"width:443px;height:auto\" srcset=\"https:\/\/detlilleslot.dk\/wp-content\/uploads\/2025\/09\/cykeltur-1-1024x538.jpg 1024w, https:\/\/detlilleslot.dk\/wp-content\/uploads\/2025\/09\/cykeltur-1-300x158.jpg 300w, https:\/\/detlilleslot.dk\/wp-content\/uploads\/2025\/09\/cykeltur-1-768x403.jpg 768w, https:\/\/detlilleslot.dk\/wp-content\/uploads\/2025\/09\/cykeltur-1-1140x599.jpg 1140w, https:\/\/detlilleslot.dk\/wp-content\/uploads\/2025\/09\/cykeltur-1.jpg 1200w\" sizes=\"auto, (max-width: 1024px) 100vw, 1024px\" \/><\/figure>\n\n\n\n<p><\/p>\n\n\n\n<p>Ledreborg Palace Golfklub ligger i n\u00e6rheden.<\/p>\n\n\n\n<figure class=\"wp-block-image size-full\"><img loading=\"lazy\" decoding=\"async\" width=\"442\" height=\"222\" src=\"https:\/\/detlilleslot.dk\/wp-content\/uploads\/2025\/09\/golf2.webp\" alt=\"\" class=\"wp-image-1502\" srcset=\"https:\/\/detlilleslot.dk\/wp-content\/uploads\/2025\/09\/golf2.webp 442w, https:\/\/detlilleslot.dk\/wp-content\/uploads\/2025\/09\/golf2-300x151.webp 300w\" sizes=\"auto, (max-width: 442px) 100vw, 442px\" \/><\/figure>\n\n\n\n<p><\/p>\n\n\n\n<p>Byerne som Roskilde (13km) og K\u00f8benhavn (48km) er nemme at n\u00e5. Rema 1000 ligger i Gevninge.<\/p>\n\n\n\n<figure class=\"wp-block-image size-full is-resized\"><img loading=\"lazy\" decoding=\"async\" width=\"474\" height=\"266\" src=\"https:\/\/detlilleslot.dk\/wp-content\/uploads\/2025\/09\/roskilde.webp\" alt=\"\" class=\"wp-image-1503\" style=\"width:436px;height:auto\" srcset=\"https:\/\/detlilleslot.dk\/wp-content\/uploads\/2025\/09\/roskilde.webp 474w, https:\/\/detlilleslot.dk\/wp-content\/uploads\/2025\/09\/roskilde-300x168.webp 300w\" sizes=\"auto, (max-width: 474px) 100vw, 474px\" \/><\/figure>\n\n\n\n<p><\/p>\n\n\n\n<p><\/p>\n","protected":false},"excerpt":{"rendered":"<p>Nyd den rolige atmosf\u00e6re p\u00e5 Lille Slot- med sin solrige terrasse, gamle tr\u00e6er og smukke udsigter. Huset ligger frit omgivet af den sk\u00f8nneste natur med vidunderlig udsigt hvor landskabet indbyder til at g\u00e5 tur, vandre og cykle. Der er meget at udforske i hele omr\u00e5det. N\u00e5r vejret ikke bliver som forventet er vinterhaven det bedste sted at slappe af, eller i stuen foran pejsen. Det er ogs\u00e5 muligt at v\u00e6re aktiv indend\u00f8rs i aktivitetsrummet i k\u00e6lderen hvor der er bordtennis, bordfodbold og dart. Ledreborg Palace Golfklub ligger i n\u00e6rheden. Byerne som Roskilde (13km) og K\u00f8benhavn (48km) er nemme at n\u00e5. Rema 1000 ligger i Gevninge.<\/p>\n","protected":false},"author":1,"featured_media":0,"parent":0,"menu_order":0,"comment_status":"closed","ping_status":"closed","template":"","meta":{"footnotes":""},"class_list":["post-1466","page","type-page","status-publish","hentry"],"_links":{"self":[{"href":"https:\/\/detlilleslot.dk\/index.php?rest_route=\/wp\/v2\/pages\/1466","targetHints":{"allow":["GET"]}}],"collection":[{"href":"https:\/\/detlilleslot.dk\/index.php?rest_route=\/wp\/v2\/pages"}],"about":[{"href":"https:\/\/detlilleslot.dk\/index.php?rest_route=\/wp\/v2\/types\/page"}],"author":[{"embeddable":true,"href":"https:\/\/detlilleslot.dk\/index.php?rest_route=\/wp\/v2\/users\/1"}],"replies":[{"embeddable":true,"href":"https:\/\/detlilleslot.dk\/index.php?rest_route=%2Fwp%2Fv2%2Fcomments&post=1466"}],"version-history":[{"count":8,"href":"https:\/\/detlilleslot.dk\/index.php?rest_route=\/wp\/v2\/pages\/1466\/revisions"}],"predecessor-version":[{"id":1583,"href":"https:\/\/detlilleslot.dk\/index.php?rest_route=\/wp\/v2\/pages\/1466\/revisions\/1583"}],"wp:attachment":[{"href":"https:\/\/detlilleslot.dk\/index.php?rest_route=%2Fwp%2Fv2%2Fmedia&parent=1466"}],"curies":[{"name":"wp","href":"https:\/\/api.w.org\/{rel}","templated":true}]}}