{"id":1454,"date":"2025-09-19T13:18:11","date_gmt":"2025-09-19T13:18:11","guid":{"rendered":"https:\/\/detlilleslot.dk\/?page_id=1454"},"modified":"2025-09-19T19:08:49","modified_gmt":"2025-09-19T19:08:49","slug":"historien-om-det-lille-slot","status":"publish","type":"page","link":"https:\/\/detlilleslot.dk\/?page_id=1454","title":{"rendered":"HISTORIEN"},"content":{"rendered":"\n<p>Huset, der er bygget i begyndelsen af det 20. \u00e5rhundrede og ligger midt i Skjolungernes Nationalparkens blidt, b\u00f8lgende istidslandskab er smukt og tager dig tilbage til en svunden tid. <\/p>\n\n\n\n<p><\/p>\n\n\n\n<p>Huset er p\u00e5 410kvm og har gennemg\u00e5et en gennemgribende renovering over \u00e5rene med respekt for husets historie og stil, dette giver den perfekte oplevelse af en stilfuld og moderne tidslomme.<\/p>\n\n\n\n<figure class=\"wp-block-image size-large\"><img loading=\"lazy\" decoding=\"async\" width=\"1024\" height=\"683\" src=\"https:\/\/detlilleslot.dk\/wp-content\/uploads\/2025\/09\/huset-front-oppefra-1024x683.jpg\" alt=\"\" class=\"wp-image-1455\" srcset=\"https:\/\/detlilleslot.dk\/wp-content\/uploads\/2025\/09\/huset-front-oppefra-1024x683.jpg 1024w, https:\/\/detlilleslot.dk\/wp-content\/uploads\/2025\/09\/huset-front-oppefra-300x200.jpg 300w, https:\/\/detlilleslot.dk\/wp-content\/uploads\/2025\/09\/huset-front-oppefra-768x512.jpg 768w, https:\/\/detlilleslot.dk\/wp-content\/uploads\/2025\/09\/huset-front-oppefra-1536x1024.jpg 1536w, https:\/\/detlilleslot.dk\/wp-content\/uploads\/2025\/09\/huset-front-oppefra-1140x760.jpg 1140w, https:\/\/detlilleslot.dk\/wp-content\/uploads\/2025\/09\/huset-front-oppefra.jpg 1875w\" sizes=\"auto, (max-width: 1024px) 100vw, 1024px\" \/><\/figure>\n","protected":false},"excerpt":{"rendered":"<p>Huset, der er bygget i begyndelsen af det 20. \u00e5rhundrede og ligger midt i Skjolungernes Nationalparkens blidt, b\u00f8lgende istidslandskab er smukt og tager dig tilbage til en svunden tid. Huset er p\u00e5 410kvm og har gennemg\u00e5et en gennemgribende renovering over \u00e5rene med respekt for husets historie og stil, dette giver den perfekte oplevelse af en stilfuld og moderne tidslomme.<\/p>\n","protected":false},"author":1,"featured_media":0,"parent":0,"menu_order":0,"comment_status":"closed","ping_status":"closed","template":"","meta":{"footnotes":""},"class_list":["post-1454","page","type-page","status-publish","hentry"],"_links":{"self":[{"href":"https:\/\/detlilleslot.dk\/index.php?rest_route=\/wp\/v2\/pages\/1454","targetHints":{"allow":["GET"]}}],"collection":[{"href":"https:\/\/detlilleslot.dk\/index.php?rest_route=\/wp\/v2\/pages"}],"about":[{"href":"https:\/\/detlilleslot.dk\/index.php?rest_route=\/wp\/v2\/types\/page"}],"author":[{"embeddable":true,"href":"https:\/\/detlilleslot.dk\/index.php?rest_route=\/wp\/v2\/users\/1"}],"replies":[{"embeddable":true,"href":"https:\/\/detlilleslot.dk\/index.php?rest_route=%2Fwp%2Fv2%2Fcomments&post=1454"}],"version-history":[{"count":5,"href":"https:\/\/detlilleslot.dk\/index.php?rest_route=\/wp\/v2\/pages\/1454\/revisions"}],"predecessor-version":[{"id":1560,"href":"https:\/\/detlilleslot.dk\/index.php?rest_route=\/wp\/v2\/pages\/1454\/revisions\/1560"}],"wp:attachment":[{"href":"https:\/\/detlilleslot.dk\/index.php?rest_route=%2Fwp%2Fv2%2Fmedia&parent=1454"}],"curies":[{"name":"wp","href":"https:\/\/api.w.org\/{rel}","templated":true}]}}