{"id":1422,"date":"2025-08-25T15:53:52","date_gmt":"2025-08-25T15:53:52","guid":{"rendered":"https:\/\/detlilleslot.dk\/?page_id=1422"},"modified":"2026-04-01T10:28:26","modified_gmt":"2026-04-01T10:28:26","slug":"kontakt-det-lille-slot","status":"publish","type":"page","link":"https:\/\/detlilleslot.dk\/?page_id=1422","title":{"rendered":"KONTAKT DET LILLE SLOT"},"content":{"rendered":"\n<p>Vi er altid klar til at servicere og hj\u00e6lpe s\u00e5 godt vi kan, s\u00e5 kontakt os endelig med sp\u00f8rgsm\u00e5l og \u00f8nsker. Vi  ser frem til at h\u00f8re fra Jer.<\/p>\n\n\n\n<p><strong>Alexa von Malsen-Plessen<\/strong><\/p>\n\n\n\n<p><strong>Telefon: +45 51 23 19 73 <\/strong><\/p>\n\n\n\n<p><strong>E-mail: <a href=\"mailto:ahuelsen@yahoo.com\">ahuelsen@yahoo.com<\/a><\/strong><\/p>\n\n\n\n<p>Brobjergvej 17, Abbetved, 4060 Kirke S\u00e5by<\/p>\n\n\n\n<div class=\"wp-block-columns is-layout-flex wp-container-core-columns-is-layout-28f84493 wp-block-columns-is-layout-flex\">\n<div class=\"wp-block-column is-layout-flow wp-block-column-is-layout-flow\">\n<div class=\"wp-block-columns is-layout-flex wp-container-core-columns-is-layout-28f84493 wp-block-columns-is-layout-flex\">\n<div class=\"wp-block-column is-layout-flow wp-block-column-is-layout-flow\" style=\"flex-basis:100%\">\n<div class=\"wp-block-columns is-layout-flex wp-container-core-columns-is-layout-28f84493 wp-block-columns-is-layout-flex\">\n<div class=\"wp-block-column is-layout-flow wp-block-column-is-layout-flow\" style=\"flex-basis:25%\">\n<figure class=\"wp-block-image size-full\"><img loading=\"lazy\" decoding=\"async\" width=\"262\" height=\"198\" src=\"https:\/\/detlilleslot.dk\/wp-content\/uploads\/2025\/03\/cropped-cropped-Vaerelsesgang.jpg\" alt=\"\" class=\"wp-image-1236\"\/><\/figure>\n\n\n\n<figure class=\"wp-block-image size-large\"><img loading=\"lazy\" decoding=\"async\" width=\"683\" height=\"1024\" src=\"https:\/\/detlilleslot.dk\/wp-content\/uploads\/2025\/08\/NLV1029-683x1024.jpg\" alt=\"\" class=\"wp-image-1430\" srcset=\"https:\/\/detlilleslot.dk\/wp-content\/uploads\/2025\/08\/NLV1029-683x1024.jpg 683w, https:\/\/detlilleslot.dk\/wp-content\/uploads\/2025\/08\/NLV1029-200x300.jpg 200w, https:\/\/detlilleslot.dk\/wp-content\/uploads\/2025\/08\/NLV1029-768x1151.jpg 768w, https:\/\/detlilleslot.dk\/wp-content\/uploads\/2025\/08\/NLV1029.jpg 1001w\" sizes=\"auto, (max-width: 683px) 100vw, 683px\" \/><\/figure>\n\n\n\n<figure class=\"wp-block-image size-large\"><img loading=\"lazy\" decoding=\"async\" width=\"1024\" height=\"683\" src=\"https:\/\/detlilleslot.dk\/wp-content\/uploads\/2025\/06\/NLV1131-1024x683.jpg\" alt=\"\" class=\"wp-image-1341\" srcset=\"https:\/\/detlilleslot.dk\/wp-content\/uploads\/2025\/06\/NLV1131-1024x683.jpg 1024w, https:\/\/detlilleslot.dk\/wp-content\/uploads\/2025\/06\/NLV1131-300x200.jpg 300w, https:\/\/detlilleslot.dk\/wp-content\/uploads\/2025\/06\/NLV1131-768x513.jpg 768w, https:\/\/detlilleslot.dk\/wp-content\/uploads\/2025\/06\/NLV1131-1140x761.jpg 1140w, https:\/\/detlilleslot.dk\/wp-content\/uploads\/2025\/06\/NLV1131.jpg 1500w\" sizes=\"auto, (max-width: 1024px) 100vw, 1024px\" \/><\/figure>\n<\/div>\n\n\n\n<div class=\"wp-block-column is-layout-flow wp-block-column-is-layout-flow\" style=\"flex-basis:50%\">\n<figure class=\"wp-block-image size-large\"><img loading=\"lazy\" decoding=\"async\" width=\"683\" height=\"1024\" src=\"https:\/\/detlilleslot.dk\/wp-content\/uploads\/2025\/08\/NLV0973-683x1024.jpg\" alt=\"\" class=\"wp-image-1406\" srcset=\"https:\/\/detlilleslot.dk\/wp-content\/uploads\/2025\/08\/NLV0973-683x1024.jpg 683w, https:\/\/detlilleslot.dk\/wp-content\/uploads\/2025\/08\/NLV0973-200x300.jpg 200w, https:\/\/detlilleslot.dk\/wp-content\/uploads\/2025\/08\/NLV0973-768x1151.jpg 768w, https:\/\/detlilleslot.dk\/wp-content\/uploads\/2025\/08\/NLV0973.jpg 1001w\" sizes=\"auto, (max-width: 683px) 100vw, 683px\" \/><\/figure>\n<\/div>\n\n\n\n<div class=\"wp-block-column is-layout-flow wp-block-column-is-layout-flow\" style=\"flex-basis:25%\">\n<figure class=\"wp-block-image size-large\"><img loading=\"lazy\" decoding=\"async\" width=\"683\" height=\"1024\" src=\"https:\/\/detlilleslot.dk\/wp-content\/uploads\/2025\/08\/NLV0971-683x1024.jpg\" alt=\"\" class=\"wp-image-1427\" srcset=\"https:\/\/detlilleslot.dk\/wp-content\/uploads\/2025\/08\/NLV0971-683x1024.jpg 683w, https:\/\/detlilleslot.dk\/wp-content\/uploads\/2025\/08\/NLV0971-200x300.jpg 200w, https:\/\/detlilleslot.dk\/wp-content\/uploads\/2025\/08\/NLV0971-768x1151.jpg 768w, https:\/\/detlilleslot.dk\/wp-content\/uploads\/2025\/08\/NLV0971.jpg 1001w\" sizes=\"auto, (max-width: 683px) 100vw, 683px\" \/><\/figure>\n\n\n\n<figure class=\"wp-block-image size-large\"><img loading=\"lazy\" decoding=\"async\" width=\"683\" height=\"1024\" src=\"https:\/\/detlilleslot.dk\/wp-content\/uploads\/2025\/08\/NLV1006-683x1024.jpg\" alt=\"\" class=\"wp-image-1429\" srcset=\"https:\/\/detlilleslot.dk\/wp-content\/uploads\/2025\/08\/NLV1006-683x1024.jpg 683w, https:\/\/detlilleslot.dk\/wp-content\/uploads\/2025\/08\/NLV1006-200x300.jpg 200w, https:\/\/detlilleslot.dk\/wp-content\/uploads\/2025\/08\/NLV1006-768x1151.jpg 768w, https:\/\/detlilleslot.dk\/wp-content\/uploads\/2025\/08\/NLV1006.jpg 1001w\" sizes=\"auto, (max-width: 683px) 100vw, 683px\" \/><\/figure>\n<\/div>\n<\/div>\n<\/div>\n<\/div>\n<\/div>\n<\/div>\n\n\n\n<p><\/p>\n\n\n\n<p><\/p>\n","protected":false},"excerpt":{"rendered":"<p>Vi er altid klar til at servicere og hj\u00e6lpe s\u00e5 godt vi kan, s\u00e5 kontakt os endelig med sp\u00f8rgsm\u00e5l og \u00f8nsker. Vi ser frem til at h\u00f8re fra Jer. Alexa von Malsen-Plessen Telefon: +45 51 23 19 73 E-mail: ahuelsen@yahoo.com Brobjergvej 17, Abbetved, 4060 Kirke S\u00e5by<\/p>\n","protected":false},"author":1,"featured_media":0,"parent":0,"menu_order":0,"comment_status":"closed","ping_status":"closed","template":"","meta":{"footnotes":""},"class_list":["post-1422","page","type-page","status-publish","hentry"],"_links":{"self":[{"href":"https:\/\/detlilleslot.dk\/index.php?rest_route=\/wp\/v2\/pages\/1422","targetHints":{"allow":["GET"]}}],"collection":[{"href":"https:\/\/detlilleslot.dk\/index.php?rest_route=\/wp\/v2\/pages"}],"about":[{"href":"https:\/\/detlilleslot.dk\/index.php?rest_route=\/wp\/v2\/types\/page"}],"author":[{"embeddable":true,"href":"https:\/\/detlilleslot.dk\/index.php?rest_route=\/wp\/v2\/users\/1"}],"replies":[{"embeddable":true,"href":"https:\/\/detlilleslot.dk\/index.php?rest_route=%2Fwp%2Fv2%2Fcomments&post=1422"}],"version-history":[{"count":4,"href":"https:\/\/detlilleslot.dk\/index.php?rest_route=\/wp\/v2\/pages\/1422\/revisions"}],"predecessor-version":[{"id":1623,"href":"https:\/\/detlilleslot.dk\/index.php?rest_route=\/wp\/v2\/pages\/1422\/revisions\/1623"}],"wp:attachment":[{"href":"https:\/\/detlilleslot.dk\/index.php?rest_route=%2Fwp%2Fv2%2Fmedia&parent=1422"}],"curies":[{"name":"wp","href":"https:\/\/api.w.org\/{rel}","templated":true}]}}