{"id":1405,"date":"2025-08-25T15:17:03","date_gmt":"2025-08-25T15:17:03","guid":{"rendered":"https:\/\/detlilleslot.dk\/?page_id=1405"},"modified":"2025-09-25T08:41:46","modified_gmt":"2025-09-25T08:41:46","slug":"plantegninger","status":"publish","type":"page","link":"https:\/\/detlilleslot.dk\/?page_id=1405","title":{"rendered":"INDRETNINGEN"},"content":{"rendered":"\n<p>Det lille slot best\u00e5r af 2 plan hvor af man enten lejer hele huset eller stueetagen. De udend\u00f8rs omgivelser h\u00f8rer med hvad enten det er hele huset eller kun stueetagen man lejer. Herunder ses plantegninger over huset.<\/p>\n\n\n\n<figure class=\"wp-block-image size-large\"><img loading=\"lazy\" decoding=\"async\" width=\"1024\" height=\"724\" src=\"https:\/\/detlilleslot.dk\/wp-content\/uploads\/2025\/08\/Eksisterende-forhold-Stueplan-med-moebler.p-df-pdf-1024x724.jpg\" alt=\"\" class=\"wp-image-1410\"\/><\/figure>\n\n\n\n<figure class=\"wp-block-image size-large\"><img loading=\"lazy\" decoding=\"async\" width=\"1024\" height=\"724\" src=\"https:\/\/detlilleslot.dk\/wp-content\/uploads\/2025\/08\/Eksisterende-forhold-1.salsplan-med-moebler-22.07.2024-1-pdf-1024x724.jpg\" alt=\"\" class=\"wp-image-1415\"\/><\/figure>\n\n\n\n<h2 class=\"wp-block-heading\"><em>Smuk og stilfuld indretning med respekt for husets stil<\/em><\/h2>\n\n\n\n<figure class=\"wp-block-gallery has-nested-images columns-default is-cropped wp-block-gallery-1 is-layout-flex wp-block-gallery-is-layout-flex\">\n<figure class=\"wp-block-image size-large\"><img loading=\"lazy\" decoding=\"async\" width=\"1024\" height=\"683\" data-id=\"1433\" src=\"https:\/\/detlilleslot.dk\/wp-content\/uploads\/2025\/08\/NLV1169-1024x683.jpg\" alt=\"\" class=\"wp-image-1433\" srcset=\"https:\/\/detlilleslot.dk\/wp-content\/uploads\/2025\/08\/NLV1169-1024x683.jpg 1024w, https:\/\/detlilleslot.dk\/wp-content\/uploads\/2025\/08\/NLV1169-300x200.jpg 300w, https:\/\/detlilleslot.dk\/wp-content\/uploads\/2025\/08\/NLV1169-768x513.jpg 768w, https:\/\/detlilleslot.dk\/wp-content\/uploads\/2025\/08\/NLV1169-1140x761.jpg 1140w, https:\/\/detlilleslot.dk\/wp-content\/uploads\/2025\/08\/NLV1169.jpg 1500w\" sizes=\"auto, (max-width: 1024px) 100vw, 1024px\" \/><figcaption class=\"wp-element-caption\">Sovev\u00e6relse<\/figcaption><\/figure>\n\n\n\n<figure class=\"wp-block-image size-large\"><img loading=\"lazy\" decoding=\"async\" width=\"683\" height=\"1024\" data-id=\"1427\" src=\"https:\/\/detlilleslot.dk\/wp-content\/uploads\/2025\/08\/NLV0971-683x1024.jpg\" alt=\"\" class=\"wp-image-1427\" srcset=\"https:\/\/detlilleslot.dk\/wp-content\/uploads\/2025\/08\/NLV0971-683x1024.jpg 683w, https:\/\/detlilleslot.dk\/wp-content\/uploads\/2025\/08\/NLV0971-200x300.jpg 200w, https:\/\/detlilleslot.dk\/wp-content\/uploads\/2025\/08\/NLV0971-768x1151.jpg 768w, https:\/\/detlilleslot.dk\/wp-content\/uploads\/2025\/08\/NLV0971.jpg 1001w\" sizes=\"auto, (max-width: 683px) 100vw, 683px\" \/><figcaption class=\"wp-element-caption\">G\u00e6stetoilet stueetage<\/figcaption><\/figure>\n\n\n\n<figure class=\"wp-block-image size-large\"><img loading=\"lazy\" decoding=\"async\" width=\"683\" height=\"1024\" data-id=\"1335\" src=\"https:\/\/detlilleslot.dk\/wp-content\/uploads\/2025\/06\/NLV0973-683x1024.jpg\" alt=\"\" class=\"wp-image-1335\" srcset=\"https:\/\/detlilleslot.dk\/wp-content\/uploads\/2025\/06\/NLV0973-683x1024.jpg 683w, https:\/\/detlilleslot.dk\/wp-content\/uploads\/2025\/06\/NLV0973-200x300.jpg 200w, https:\/\/detlilleslot.dk\/wp-content\/uploads\/2025\/06\/NLV0973-768x1151.jpg 768w, https:\/\/detlilleslot.dk\/wp-content\/uploads\/2025\/06\/NLV0973.jpg 1001w\" sizes=\"auto, (max-width: 683px) 100vw, 683px\" \/><figcaption class=\"wp-element-caption\">Hall<\/figcaption><\/figure>\n<\/figure>\n\n\n\n<p>7 V\u00e6relser p\u00e5 1. sal og 4 badev\u00e6relser<\/p>\n\n\n\n<figure class=\"wp-block-gallery has-nested-images columns-default is-cropped wp-block-gallery-2 is-layout-flex wp-block-gallery-is-layout-flex\">\n<figure class=\"wp-block-image size-large\"><img loading=\"lazy\" decoding=\"async\" width=\"1024\" height=\"683\" data-id=\"1342\" src=\"https:\/\/detlilleslot.dk\/wp-content\/uploads\/2025\/06\/NLV1137-1024x683.jpg\" alt=\"\" class=\"wp-image-1342\" srcset=\"https:\/\/detlilleslot.dk\/wp-content\/uploads\/2025\/06\/NLV1137-1024x683.jpg 1024w, https:\/\/detlilleslot.dk\/wp-content\/uploads\/2025\/06\/NLV1137-300x200.jpg 300w, https:\/\/detlilleslot.dk\/wp-content\/uploads\/2025\/06\/NLV1137-768x513.jpg 768w, https:\/\/detlilleslot.dk\/wp-content\/uploads\/2025\/06\/NLV1137-1140x761.jpg 1140w, https:\/\/detlilleslot.dk\/wp-content\/uploads\/2025\/06\/NLV1137.jpg 1500w\" sizes=\"auto, (max-width: 1024px) 100vw, 1024px\" \/><figcaption class=\"wp-element-caption\">Sovev\u00e6relse dobbeltseng<\/figcaption><\/figure>\n\n\n\n<figure class=\"wp-block-image size-large\"><img loading=\"lazy\" decoding=\"async\" width=\"1024\" height=\"683\" data-id=\"1346\" src=\"https:\/\/detlilleslot.dk\/wp-content\/uploads\/2025\/06\/NLV1189-1024x683.jpg\" alt=\"\" class=\"wp-image-1346\" srcset=\"https:\/\/detlilleslot.dk\/wp-content\/uploads\/2025\/06\/NLV1189-1024x683.jpg 1024w, https:\/\/detlilleslot.dk\/wp-content\/uploads\/2025\/06\/NLV1189-300x200.jpg 300w, https:\/\/detlilleslot.dk\/wp-content\/uploads\/2025\/06\/NLV1189-768x513.jpg 768w, https:\/\/detlilleslot.dk\/wp-content\/uploads\/2025\/06\/NLV1189-1140x761.jpg 1140w, https:\/\/detlilleslot.dk\/wp-content\/uploads\/2025\/06\/NLV1189.jpg 1500w\" sizes=\"auto, (max-width: 1024px) 100vw, 1024px\" \/><figcaption class=\"wp-element-caption\">Sovev\u00e6relse 2 x enkeltsenge<\/figcaption><\/figure>\n\n\n\n<figure class=\"wp-block-image size-large\"><img loading=\"lazy\" decoding=\"async\" width=\"1024\" height=\"683\" data-id=\"1343\" src=\"https:\/\/detlilleslot.dk\/wp-content\/uploads\/2025\/06\/NLV1152-1024x683.jpg\" alt=\"\" class=\"wp-image-1343\" srcset=\"https:\/\/detlilleslot.dk\/wp-content\/uploads\/2025\/06\/NLV1152-1024x683.jpg 1024w, https:\/\/detlilleslot.dk\/wp-content\/uploads\/2025\/06\/NLV1152-300x200.jpg 300w, https:\/\/detlilleslot.dk\/wp-content\/uploads\/2025\/06\/NLV1152-768x513.jpg 768w, https:\/\/detlilleslot.dk\/wp-content\/uploads\/2025\/06\/NLV1152-1140x761.jpg 1140w, https:\/\/detlilleslot.dk\/wp-content\/uploads\/2025\/06\/NLV1152.jpg 1500w\" sizes=\"auto, (max-width: 1024px) 100vw, 1024px\" \/><figcaption class=\"wp-element-caption\">Sovev\u00e6relse dobbeltseng<\/figcaption><\/figure>\n<\/figure>\n\n\n\n<p><em>Tilbage i en tidslomme&#8230;<\/em><\/p>\n\n\n\n<figure class=\"wp-block-gallery has-nested-images columns-default is-cropped wp-block-gallery-3 is-layout-flex wp-block-gallery-is-layout-flex\">\n<figure class=\"wp-block-image size-large\"><img loading=\"lazy\" decoding=\"async\" width=\"1024\" height=\"683\" data-id=\"1336\" src=\"https:\/\/detlilleslot.dk\/wp-content\/uploads\/2025\/06\/NLV0976-3-1024x683.jpg\" alt=\"\" class=\"wp-image-1336\" srcset=\"https:\/\/detlilleslot.dk\/wp-content\/uploads\/2025\/06\/NLV0976-3-1024x683.jpg 1024w, https:\/\/detlilleslot.dk\/wp-content\/uploads\/2025\/06\/NLV0976-3-300x200.jpg 300w, https:\/\/detlilleslot.dk\/wp-content\/uploads\/2025\/06\/NLV0976-3-768x513.jpg 768w, https:\/\/detlilleslot.dk\/wp-content\/uploads\/2025\/06\/NLV0976-3-1140x761.jpg 1140w, https:\/\/detlilleslot.dk\/wp-content\/uploads\/2025\/06\/NLV0976-3.jpg 1500w\" sizes=\"auto, (max-width: 1024px) 100vw, 1024px\" \/><figcaption class=\"wp-element-caption\">Det Lille k\u00f8kken<\/figcaption><\/figure>\n\n\n\n<figure class=\"wp-block-image size-large\"><img loading=\"lazy\" decoding=\"async\" width=\"272\" height=\"320\" data-id=\"26\" src=\"https:\/\/detlilleslot.dk\/wp-content\/uploads\/2025\/03\/Vinterstue.jpg\" alt=\"\" class=\"wp-image-26\" srcset=\"https:\/\/detlilleslot.dk\/wp-content\/uploads\/2025\/03\/Vinterstue.jpg 272w, https:\/\/detlilleslot.dk\/wp-content\/uploads\/2025\/03\/Vinterstue-255x300.jpg 255w\" sizes=\"auto, (max-width: 272px) 100vw, 272px\" \/><figcaption class=\"wp-element-caption\">Havestuen<\/figcaption><\/figure>\n\n\n\n<figure class=\"wp-block-image size-large\"><img loading=\"lazy\" decoding=\"async\" width=\"240\" height=\"320\" data-id=\"1487\" src=\"https:\/\/detlilleslot.dk\/wp-content\/uploads\/2025\/09\/BAD.jpg\" alt=\"\" class=\"wp-image-1487\" srcset=\"https:\/\/detlilleslot.dk\/wp-content\/uploads\/2025\/09\/BAD.jpg 240w, https:\/\/detlilleslot.dk\/wp-content\/uploads\/2025\/09\/BAD-225x300.jpg 225w\" sizes=\"auto, (max-width: 240px) 100vw, 240px\" \/><figcaption class=\"wp-element-caption\">1 ud af 4 badev\u00e6relse<\/figcaption><\/figure>\n<\/figure>\n","protected":false},"excerpt":{"rendered":"<p>Det lille slot best\u00e5r af 2 plan hvor af man enten lejer hele huset eller stueetagen. De udend\u00f8rs omgivelser h\u00f8rer med hvad enten det er hele huset eller kun stueetagen man lejer. Herunder ses plantegninger over huset. Smuk og stilfuld indretning med respekt for husets stil 7 V\u00e6relser p\u00e5 1. sal og 4 badev\u00e6relser Tilbage i en tidslomme&#8230;<\/p>\n","protected":false},"author":1,"featured_media":0,"parent":0,"menu_order":0,"comment_status":"closed","ping_status":"closed","template":"","meta":{"footnotes":""},"class_list":["post-1405","page","type-page","status-publish","hentry"],"_links":{"self":[{"href":"https:\/\/detlilleslot.dk\/index.php?rest_route=\/wp\/v2\/pages\/1405","targetHints":{"allow":["GET"]}}],"collection":[{"href":"https:\/\/detlilleslot.dk\/index.php?rest_route=\/wp\/v2\/pages"}],"about":[{"href":"https:\/\/detlilleslot.dk\/index.php?rest_route=\/wp\/v2\/types\/page"}],"author":[{"embeddable":true,"href":"https:\/\/detlilleslot.dk\/index.php?rest_route=\/wp\/v2\/users\/1"}],"replies":[{"embeddable":true,"href":"https:\/\/detlilleslot.dk\/index.php?rest_route=%2Fwp%2Fv2%2Fcomments&post=1405"}],"version-history":[{"count":4,"href":"https:\/\/detlilleslot.dk\/index.php?rest_route=\/wp\/v2\/pages\/1405\/revisions"}],"predecessor-version":[{"id":1614,"href":"https:\/\/detlilleslot.dk\/index.php?rest_route=\/wp\/v2\/pages\/1405\/revisions\/1614"}],"wp:attachment":[{"href":"https:\/\/detlilleslot.dk\/index.php?rest_route=%2Fwp%2Fv2%2Fmedia&parent=1405"}],"curies":[{"name":"wp","href":"https:\/\/api.w.org\/{rel}","templated":true}]}}